{"id":9,"date":"2023-12-28T18:46:34","date_gmt":"2023-12-28T17:46:34","guid":{"rendered":"https:\/\/valdeaumat.fr\/?page_id=9"},"modified":"2025-09-12T10:12:48","modified_gmt":"2025-09-12T08:12:48","slug":"about","status":"publish","type":"page","link":"https:\/\/valdeaumat.fr\/index.php\/about\/","title":{"rendered":"\u00c0 Propos"},"content":{"rendered":"\n<h2 class=\"wp-block-heading has-text-align-center has-large-font-size\" id=\"inspiro-is-a-digital-product-agency-that-focuses-on-strategy-and-design\" style=\"font-style:normal;font-weight:100\">Une Aventure Familiale<\/h2>\n\n\n\n<div style=\"height:10px\" aria-hidden=\"true\" class=\"wp-block-spacer\"><\/div>\n\n\n\n<p class=\"has-text-align-center\" style=\"padding-right:var(--wp--preset--spacing--small);padding-left:var(--wp--preset--spacing--small)\">VALDEAU\u2019MAT est n\u00e9 de la vision et de la d\u00e9termination des fr\u00e8res Steeve et Benjamin Vandeginste. Originaires des Hauts de France et passionn\u00e9s par l&rsquo;environnement et la durabilit\u00e9, ils ont d\u00e9cid\u00e9 de prendre les devants et de s&rsquo;attaquer au <strong>probl\u00e8me croissant des d\u00e9chets de chantier<\/strong>.<\/p>\n\n\n\n<p class=\"has-text-align-center\" style=\"padding-top:0;padding-right:var(--wp--preset--spacing--small);padding-bottom:0;padding-left:var(--wp--preset--spacing--small)\"><br>Forts de leurs exp\u00e9riences respectives et anim\u00e9s par un esprit entrepreneurial, ils ont fond\u00e9 <strong>VALDEAU\u2019MAT<\/strong> avec la ferme intention de faire la diff\u00e9rence dans leur r\u00e9gion et au-del\u00e0. Leur parcours les a conduits \u00e0 cr\u00e9er une entreprise qui non seulement <strong>traite les d\u00e9chets de chantier de mani\u00e8re responsable<\/strong>, mais qui s&rsquo;engage \u00e9galement \u00e0 <strong>transformer ces d\u00e9chets en ressources pr\u00e9cieuses<\/strong>.<\/p>\n\n\n\n<div style=\"height:40px\" aria-hidden=\"true\" class=\"wp-block-spacer\"><\/div>\n\n\n\n<div class=\"wp-block-cover alignfull is-light has-parallax is-position-center-center\" style=\"border-radius:0px;min-height:315px;aspect-ratio:unset;\"><div class=\"wp-block-cover__image-background wp-image-91 has-parallax\" style=\"background-position:50% 50%;background-image:url(https:\/\/valdeaumat.fr\/wp-content\/uploads\/2023\/11\/old-lille-3567558_1920.jpg)\"><\/div><span aria-hidden=\"true\" class=\"wp-block-cover__background has-black-background-color has-background-dim-40 has-background-dim\"><\/span><div class=\"wp-block-cover__inner-container is-layout-flow wp-block-cover-is-layout-flow\">\n<div class=\"wp-block-group has-global-padding is-layout-constrained wp-block-group-is-layout-constrained\">\n<h3 class=\"wp-block-heading has-text-align-center has-text-color has-medium-font-size\" style=\"color:#fffffa;text-transform:uppercase\">Pionniers du D\u00e9veloppement Durable<\/h3>\n\n\n\n<p class=\"has-white-color has-text-color has-link-color wp-elements-36cab7ea218270e007c72ead2498b4cb\">Chez VALDEAU\u2019MAT, nous nous engageons sans r\u00e9serve en faveur du d\u00e9veloppement durable, du z\u00e9ro d\u00e9chet et de la promotion de l\u2019\u00e9conomie circulaire. Notre mission est claire : transformer plus de 300 000 tonnes de d\u00e9chets inertes par an, r\u00e9duire l\u2019enfouissement et cr\u00e9er des mat\u00e9riaux r\u00e9utilisables de haute qualit\u00e9.<\/p>\n\n\n\n<p class=\"has-white-color has-text-color has-link-color wp-elements-89c61eb348b7b3c847ddf1ddbd225244\"><br>Nous sommes convaincus que l\u2019avenir du secteur de la construction repose sur des pratiques plus responsables et plus durables. En adoptant les technologies CDE de pointe, nous faisons non seulement un pas en avant vers la r\u00e9alisation de nos objectifs de z\u00e9ro d\u00e9chet, mais nous participons \u00e9galement activement \u00e0 la cr\u00e9ation d&rsquo;une \u00e9conomie circulaire robuste dans les Hauts de France.<\/p>\n<\/div>\n<\/div><\/div>\n\n\n\n<div style=\"height:30px\" aria-hidden=\"true\" class=\"wp-block-spacer\"><\/div>\n\n\n\n<h2 class=\"wp-block-heading has-text-align-center\">Les Fondations de Notre Entreprise<\/h2>\n\n\n\n<p class=\"has-text-align-center\" style=\"padding-right:var(--wp--preset--spacing--small);padding-left:var(--wp--preset--spacing--small)\">Les valeurs de VALDEAU\u2019MAT sont ancr\u00e9es dans la <strong>responsabilit\u00e9, l&rsquo;innovation et l&rsquo;int\u00e9grit\u00e9<\/strong>. Nous croyons en la puissance de l&rsquo;action positive et sommes d\u00e9termin\u00e9s \u00e0 apporter notre contribution \u00e0 un avenir plus durable. Notre philosophie est simple : <\/p>\n\n\n\n<blockquote class=\"wp-block-quote has-text-align-center is-layout-flow wp-block-quote-is-layout-flow\">\n<p style=\"padding-right:var(--wp--preset--spacing--small);padding-left:var(--wp--preset--spacing--small)\"><strong>Chaque d\u00e9chet a une valeur et chaque action compte<\/strong>.<\/p>\n<\/blockquote>\n\n\n\n<p class=\"has-text-align-center\" style=\"padding-right:var(--wp--preset--spacing--small);padding-left:var(--wp--preset--spacing--small)\">Nous travaillons sans rel\u00e2che pour instaurer <strong>une culture de l&rsquo;innovation et de l&rsquo;excellence<\/strong>, en veillant \u00e0 ce que chaque membre de notre \u00e9quipe partage et incarne nos valeurs. Ensemble, nous \u0153uvrons pour cr\u00e9er non seulement <strong>un avenir meilleur<\/strong> pour notre entreprise, mais aussi pour notre communaut\u00e9 et notre plan\u00e8te.<\/p>\n\n\n\n<div style=\"height:50px\" aria-hidden=\"true\" class=\"wp-block-spacer\"><\/div>\n\n\n\n<h2 class=\"wp-block-heading has-text-align-center\">Le projet a b\u00e9n\u00e9fici\u00e9 du soutien de&nbsp;<\/h2>\n\n\n\n<div style=\"height:27px\" aria-hidden=\"true\" class=\"wp-block-spacer\"><\/div>\n\n\n\n<div class=\"wp-block-columns is-layout-flex wp-container-core-columns-is-layout-28f84493 wp-block-columns-is-layout-flex\">\n<div class=\"wp-block-column is-vertically-aligned-center is-layout-flow wp-block-column-is-layout-flow\">\n<figure class=\"wp-block-gallery has-nested-images columns-default is-cropped wp-block-gallery-1 is-layout-flex wp-block-gallery-is-layout-flex\">\n<figure class=\"wp-block-image size-large\"><img loading=\"lazy\" decoding=\"async\" width=\"910\" height=\"922\" data-id=\"288\" src=\"https:\/\/valdeaumat.fr\/wp-content\/uploads\/2025\/09\/UNION_EUROPEENNE_LOGO_VERTICAL.jpg\" alt=\"\" class=\"wp-image-288\" srcset=\"https:\/\/valdeaumat.fr\/wp-content\/uploads\/2025\/09\/UNION_EUROPEENNE_LOGO_VERTICAL.jpg 910w, https:\/\/valdeaumat.fr\/wp-content\/uploads\/2025\/09\/UNION_EUROPEENNE_LOGO_VERTICAL-296x300.jpg 296w\" sizes=\"auto, (max-width: 910px) 100vw, 910px\" \/><\/figure>\n\n\n\n<figure class=\"wp-block-image aligncenter size-large is-resized\"><img decoding=\"async\" src=\"https:\/\/www.ademe.fr\/wp-content\/uploads\/2022\/11\/ademe-logo-2022-1.svg\" alt=\"\" style=\"width:176px;height:auto\"\/><\/figure>\n<\/figure>\n<\/div>\n\n\n\n<div class=\"wp-block-column is-vertically-aligned-center is-layout-flow wp-block-column-is-layout-flow\">\n<figure class=\"wp-block-gallery has-nested-images columns-default is-cropped wp-block-gallery-2 is-layout-flex wp-block-gallery-is-layout-flex\">\n<figure class=\"wp-block-image aligncenter size-large is-resized\"><img decoding=\"async\" src=\"https:\/\/www.eau-artois-picardie.fr\/sites\/default\/files\/logo_aeap_v8_rvb.jpg\" alt=\"\" style=\"width:408px;height:auto\"\/><\/figure>\n<\/figure>\n<\/div>\n<\/div>\n\n\n\n<p><\/p>\n","protected":false},"excerpt":{"rendered":"<p>Une Aventure Familiale VALDEAU\u2019MAT est n\u00e9 de la vision et de la d\u00e9termination des fr\u00e8res Steeve et Benjamin Vandeginste. Originaires des Hauts de France et passionn\u00e9s par l&rsquo;environnement et la durabilit\u00e9, ils ont d\u00e9cid\u00e9 de prendre les devants et de s&rsquo;attaquer au probl\u00e8me croissant des d\u00e9chets de chantier. Forts de leurs exp\u00e9riences respectives et anim\u00e9s &hellip; <\/p>\n<p class=\"link-more\"><a href=\"https:\/\/valdeaumat.fr\/index.php\/about\/\" class=\"more-link\">Lire la suite de<span class=\"screen-reader-text\">\u00ab\u00a0\u00c0 Propos\u00a0\u00bb<\/span><\/a><\/p>\n","protected":false},"author":1,"featured_media":84,"parent":0,"menu_order":0,"comment_status":"closed","ping_status":"closed","template":"","meta":{"footnotes":""},"class_list":["post-9","page","type-page","status-publish","has-post-thumbnail","hentry"],"_links":{"self":[{"href":"https:\/\/valdeaumat.fr\/index.php\/wp-json\/wp\/v2\/pages\/9","targetHints":{"allow":["GET"]}}],"collection":[{"href":"https:\/\/valdeaumat.fr\/index.php\/wp-json\/wp\/v2\/pages"}],"about":[{"href":"https:\/\/valdeaumat.fr\/index.php\/wp-json\/wp\/v2\/types\/page"}],"author":[{"embeddable":true,"href":"https:\/\/valdeaumat.fr\/index.php\/wp-json\/wp\/v2\/users\/1"}],"replies":[{"embeddable":true,"href":"https:\/\/valdeaumat.fr\/index.php\/wp-json\/wp\/v2\/comments?post=9"}],"version-history":[{"count":19,"href":"https:\/\/valdeaumat.fr\/index.php\/wp-json\/wp\/v2\/pages\/9\/revisions"}],"predecessor-version":[{"id":290,"href":"https:\/\/valdeaumat.fr\/index.php\/wp-json\/wp\/v2\/pages\/9\/revisions\/290"}],"wp:featuredmedia":[{"embeddable":true,"href":"https:\/\/valdeaumat.fr\/index.php\/wp-json\/wp\/v2\/media\/84"}],"wp:attachment":[{"href":"https:\/\/valdeaumat.fr\/index.php\/wp-json\/wp\/v2\/media?parent=9"}],"curies":[{"name":"wp","href":"https:\/\/api.w.org\/{rel}","templated":true}]}}