{"id":38,"date":"2023-12-28T18:46:34","date_gmt":"2023-12-28T17:46:34","guid":{"rendered":"https:\/\/valdeaumat.fr\/?page_id=38"},"modified":"2023-12-28T18:46:34","modified_gmt":"2023-12-28T17:46:34","slug":"developpement-durable-et-zero-dechet","status":"publish","type":"page","link":"https:\/\/valdeaumat.fr\/index.php\/developpement-durable-et-zero-dechet\/","title":{"rendered":"D\u00e9veloppement Durable et Z\u00e9ro D\u00e9chet"},"content":{"rendered":"\n<div class=\"wp-block-group has-global-padding is-layout-constrained wp-block-group-is-layout-constrained\">\n<h2 class=\"wp-block-heading\">Un Acteur Cl\u00e9 du D\u00e9veloppement Durable<\/h2>\n\n\n\n<div class=\"wp-block-columns is-layout-flex wp-container-core-columns-is-layout-28f84493 wp-block-columns-is-layout-flex\">\n<div class=\"wp-block-column is-layout-flow wp-block-column-is-layout-flow\" style=\"flex-basis:30%\">\n<figure class=\"wp-block-image aligncenter size-large is-resized\"><img loading=\"lazy\" decoding=\"async\" width=\"1024\" height=\"512\" src=\"https:\/\/valdeaumat.fr\/wp-content\/uploads\/2023\/11\/planet-1024x512.png\" alt=\"\" class=\"wp-image-149\" style=\"width:277px;height:auto\" srcset=\"https:\/\/valdeaumat.fr\/wp-content\/uploads\/2023\/11\/planet-1024x512.png 1024w, https:\/\/valdeaumat.fr\/wp-content\/uploads\/2023\/11\/planet-300x150.png 300w, https:\/\/valdeaumat.fr\/wp-content\/uploads\/2023\/11\/planet.png 1920w\" sizes=\"auto, (max-width: 1024px) 100vw, 1024px\" \/><\/figure>\n<\/div>\n\n\n\n<div class=\"wp-block-column is-layout-flow wp-block-column-is-layout-flow\">\n<p><strong>VALDEAU\u2019MAT <\/strong>n&rsquo;est pas seulement une entreprise sp\u00e9cialis\u00e9e dans la revalorisation des d\u00e9chets de chantier. Nous sommes des <strong>pionniers engag\u00e9s dans la transformation \u00e9cologique de notre industrie<\/strong>.<\/p>\n\n\n\n<p>Notre mission va au-del\u00e0 de la simple transformation des mat\u00e9riaux inertes : nous \u0153uvrons quotidiennement \u00e0 la <strong>promotion d\u2019un avenir plus durable pour notre plan\u00e8te<\/strong>.<\/p>\n<\/div>\n<\/div>\n<\/div>\n\n\n\n<div style=\"height:40px\" aria-hidden=\"true\" class=\"wp-block-spacer\"><\/div>\n\n\n\n<div class=\"wp-block-group has-global-padding is-layout-constrained wp-block-group-is-layout-constrained\">\n<h2 class=\"wp-block-heading\">Lutter Contre le Changement Climatique<\/h2>\n\n\n\n<div class=\"wp-block-columns is-layout-flex wp-container-core-columns-is-layout-28f84493 wp-block-columns-is-layout-flex\">\n<div class=\"wp-block-column is-layout-flow wp-block-column-is-layout-flow\" style=\"flex-basis:30%\">\n<figure class=\"wp-block-image aligncenter size-large is-resized\"><img loading=\"lazy\" decoding=\"async\" width=\"1024\" height=\"671\" src=\"https:\/\/valdeaumat.fr\/wp-content\/uploads\/2023\/11\/clock-1024x671.png\" alt=\"\" class=\"wp-image-150\" style=\"width:273px;height:auto\" srcset=\"https:\/\/valdeaumat.fr\/wp-content\/uploads\/2023\/11\/clock-1024x671.png 1024w, https:\/\/valdeaumat.fr\/wp-content\/uploads\/2023\/11\/clock-300x197.png 300w, https:\/\/valdeaumat.fr\/wp-content\/uploads\/2023\/11\/clock.png 1920w\" sizes=\"auto, (max-width: 1024px) 100vw, 1024px\" \/><\/figure>\n<\/div>\n\n\n\n<div class=\"wp-block-column is-layout-flow wp-block-column-is-layout-flow\">\n<p>En choisissant de mettre en \u0153uvre les <strong>technologies les plus avanc\u00e9es de revalorisation des d\u00e9chets<\/strong>, nous contribuons activement \u00e0 la <strong>r\u00e9duction des \u00e9missions de gaz \u00e0 effet de serre<\/strong> dans notre r\u00e9gion. <\/p>\n\n\n\n<p>En favorisant la <strong>r\u00e9utilisation des mat\u00e9riaux<\/strong> et en minimisant le besoin d&rsquo;extraction de nouveaux mat\u00e9riaux de carri\u00e8res, nous diminuons significativement notre empreinte carbone.<\/p>\n<\/div>\n<\/div>\n\n\n\n<div style=\"height:40px\" aria-hidden=\"true\" class=\"wp-block-spacer\"><\/div>\n<\/div>\n\n\n\n<div class=\"wp-block-group has-global-padding is-layout-constrained wp-block-group-is-layout-constrained\">\n<h2 class=\"wp-block-heading\">Soutenir l&rsquo;\u00c9conomie Circulaire<\/h2>\n\n\n\n<div class=\"wp-block-columns is-layout-flex wp-container-core-columns-is-layout-28f84493 wp-block-columns-is-layout-flex\">\n<div class=\"wp-block-column is-layout-flow wp-block-column-is-layout-flow\" style=\"flex-basis:30%\">\n<figure class=\"wp-block-image aligncenter size-large is-resized\"><img loading=\"lazy\" decoding=\"async\" width=\"1024\" height=\"1022\" src=\"https:\/\/valdeaumat.fr\/wp-content\/uploads\/2023\/12\/circulaire2-1024x1022.png\" alt=\"\" class=\"wp-image-168\" style=\"width:168px;height:auto\" srcset=\"https:\/\/valdeaumat.fr\/wp-content\/uploads\/2023\/12\/circulaire2-1024x1022.png 1024w, https:\/\/valdeaumat.fr\/wp-content\/uploads\/2023\/12\/circulaire2-300x300.png 300w, https:\/\/valdeaumat.fr\/wp-content\/uploads\/2023\/12\/circulaire2-150x150.png 150w, https:\/\/valdeaumat.fr\/wp-content\/uploads\/2023\/12\/circulaire2.png 1262w\" sizes=\"auto, (max-width: 1024px) 100vw, 1024px\" \/><\/figure>\n<\/div>\n\n\n\n<div class=\"wp-block-column is-layout-flow wp-block-column-is-layout-flow\">\n<p>La philosophie de l\u2019<strong>\u00e9conomie circulaire<\/strong> est au c\u0153ur de toutes nos activit\u00e9s. Nous croyons fermement que chaque mat\u00e9riau peut avoir une<strong> seconde vie<\/strong>, et nous travaillons inlassablement \u00e0 transformer les d\u00e9blais inertes de chantier en <strong>ressources r\u00e9utilisables<\/strong>. <\/p>\n\n\n\n<p>Cela permet non seulement de <strong>r\u00e9duire le volume des mat\u00e9riaux mis en enfouissement<\/strong>, mais aussi de cr\u00e9er de nouvelles <strong>opportunit\u00e9s \u00e9conomiques<\/strong> dans notre r\u00e9gion.<\/p>\n<\/div>\n<\/div>\n\n\n\n<div style=\"height:40px\" aria-hidden=\"true\" class=\"wp-block-spacer\"><\/div>\n<\/div>\n\n\n\n<div class=\"wp-block-group has-global-padding is-layout-constrained wp-block-group-is-layout-constrained\">\n<h2 class=\"wp-block-heading\">Moins d\u2019Enfouissement, Plus de Revalorisation<\/h2>\n\n\n\n<div class=\"wp-block-columns is-layout-flex wp-container-core-columns-is-layout-28f84493 wp-block-columns-is-layout-flex\">\n<div class=\"wp-block-column is-layout-flow wp-block-column-is-layout-flow\" style=\"flex-basis:30%\">\n<figure class=\"wp-block-image aligncenter size-large is-resized\"><img loading=\"lazy\" decoding=\"async\" width=\"1024\" height=\"1024\" src=\"https:\/\/valdeaumat.fr\/wp-content\/uploads\/2023\/11\/earthday-1024x1024.png\" alt=\"\" class=\"wp-image-153\" style=\"width:164px;height:auto\" srcset=\"https:\/\/valdeaumat.fr\/wp-content\/uploads\/2023\/11\/earthday-1024x1024.png 1024w, https:\/\/valdeaumat.fr\/wp-content\/uploads\/2023\/11\/earthday-300x300.png 300w, https:\/\/valdeaumat.fr\/wp-content\/uploads\/2023\/11\/earthday-150x150.png 150w, https:\/\/valdeaumat.fr\/wp-content\/uploads\/2023\/11\/earthday.png 1920w\" sizes=\"auto, (max-width: 1024px) 100vw, 1024px\" \/><\/figure>\n<\/div>\n\n\n\n<div class=\"wp-block-column is-layout-flow wp-block-column-is-layout-flow\">\n<p>Notre installation de pointe con\u00e7ue <strong>en collaboration avec CDE<\/strong> nous permet de <strong>revaloriser jusqu&rsquo;\u00e0 320 000 tonnes de mat\u00e9riaux inertes par an<\/strong>, r\u00e9duisant ainsi drastiquement la quantit\u00e9 de d\u00e9chets envoy\u00e9e en enfouissement. <\/p>\n\n\n\n<p>Cette d\u00e9marche s&rsquo;inscrit dans notre engagement ferme envers la protection de l&rsquo;environnement et la gestion responsable des ressources.<\/p>\n<\/div>\n<\/div>\n\n\n\n<div style=\"height:40px\" aria-hidden=\"true\" class=\"wp-block-spacer\"><\/div>\n<\/div>\n\n\n\n<div class=\"wp-block-group has-global-padding is-layout-constrained wp-block-group-is-layout-constrained\">\n<h2 class=\"wp-block-heading\">Vers un Avenir Z\u00e9ro D\u00e9chet<\/h2>\n\n\n\n<div class=\"wp-block-columns is-layout-flex wp-container-core-columns-is-layout-28f84493 wp-block-columns-is-layout-flex\">\n<div class=\"wp-block-column is-layout-flow wp-block-column-is-layout-flow\" style=\"flex-basis:30%\">\n<figure class=\"wp-block-image aligncenter size-large is-resized\"><img loading=\"lazy\" decoding=\"async\" width=\"1024\" height=\"731\" src=\"https:\/\/valdeaumat.fr\/wp-content\/uploads\/2023\/11\/earthlife-1024x731.png\" alt=\"\" class=\"wp-image-154\" style=\"width:262px;height:auto\" srcset=\"https:\/\/valdeaumat.fr\/wp-content\/uploads\/2023\/11\/earthlife-1024x731.png 1024w, https:\/\/valdeaumat.fr\/wp-content\/uploads\/2023\/11\/earthlife-300x214.png 300w, https:\/\/valdeaumat.fr\/wp-content\/uploads\/2023\/11\/earthlife.png 1920w\" sizes=\"auto, (max-width: 1024px) 100vw, 1024px\" \/><\/figure>\n<\/div>\n\n\n\n<div class=\"wp-block-column is-layout-flow wp-block-column-is-layout-flow\">\n<p>Chez <strong>VALDEAU\u2019MAT<\/strong>, nous sommes convaincus qu\u2019une <strong>approche z\u00e9ro d\u00e9chet<\/strong> est non seulement b\u00e9n\u00e9fique pour notre plan\u00e8te, mais \u00e9galement essentielle pour l\u2019avenir \u00e9conomique et \u00e9cologique de notre r\u00e9gion. <\/p>\n\n\n\n<p>En transformant les d\u00e9chets de chantier en ressources r\u00e9utilisables, nous jouons un r\u00f4le crucial dans la <strong>minimisation de l&rsquo;impact environnemental<\/strong> de l&rsquo;industrie du b\u00e2timent et de la construction.<\/p>\n<\/div>\n<\/div>\n\n\n\n<div style=\"height:40px\" aria-hidden=\"true\" class=\"wp-block-spacer\"><\/div>\n<\/div>\n\n\n\n<div class=\"wp-block-group has-global-padding is-layout-constrained wp-block-group-is-layout-constrained\">\n<h2 class=\"wp-block-heading\">L\u2019Importance d\u2019une D\u00e9marche Z\u00e9ro D\u00e9chet<\/h2>\n\n\n\n<div class=\"wp-block-columns is-layout-flex wp-container-core-columns-is-layout-28f84493 wp-block-columns-is-layout-flex\">\n<div class=\"wp-block-column is-layout-flow wp-block-column-is-layout-flow\" style=\"flex-basis:30%\">\n<figure class=\"wp-block-image aligncenter size-large is-resized\"><img loading=\"lazy\" decoding=\"async\" width=\"1024\" height=\"607\" src=\"https:\/\/valdeaumat.fr\/wp-content\/uploads\/2023\/11\/team-1024x607.png\" alt=\"\" class=\"wp-image-155\" style=\"width:260px;height:auto\" srcset=\"https:\/\/valdeaumat.fr\/wp-content\/uploads\/2023\/11\/team-1024x607.png 1024w, https:\/\/valdeaumat.fr\/wp-content\/uploads\/2023\/11\/team-300x178.png 300w, https:\/\/valdeaumat.fr\/wp-content\/uploads\/2023\/11\/team.png 1920w\" sizes=\"auto, (max-width: 1024px) 100vw, 1024px\" \/><\/figure>\n<\/div>\n\n\n\n<div class=\"wp-block-column is-layout-flow wp-block-column-is-layout-flow\">\n<p>Adopter une d\u00e9marche z\u00e9ro d\u00e9chet ne se limite pas \u00e0 la r\u00e9duction des volumes de mat\u00e9riaux mis en d\u00e9charge. Il s&rsquo;agit d&rsquo;une <strong>transformation compl\u00e8te de notre mani\u00e8re de voir et de g\u00e9rer les d\u00e9chets<\/strong>, en les consid\u00e9rant comme des ressources pr\u00e9cieuses plut\u00f4t que comme des nuisances \u00e0 \u00e9liminer. <\/p>\n\n\n\n<p>Cette approche permet non seulement de <strong>pr\u00e9server l&rsquo;environnement<\/strong>, mais aussi de <strong>stimuler l\u2019innovation<\/strong> et de <strong>cr\u00e9er des emplois durables<\/strong> dans notre r\u00e9gion.<\/p>\n<\/div>\n<\/div>\n\n\n\n<div style=\"height:40px\" aria-hidden=\"true\" class=\"wp-block-spacer\"><\/div>\n<\/div>\n\n\n\n<div class=\"wp-block-group has-global-padding is-layout-constrained wp-block-group-is-layout-constrained\">\n<h2 class=\"wp-block-heading\" style=\"margin-top:var(--wp--preset--spacing--small);margin-bottom:var(--wp--preset--spacing--small)\">Notre Engagement envers le Z\u00e9ro D\u00e9chet : La Parole \u00e0 Notre \u00c9quipe<\/h2>\n\n\n\n<div class=\"wp-block-columns is-layout-flex wp-container-core-columns-is-layout-713c5657 wp-block-columns-is-layout-flex\" style=\"padding-right:var(--wp--preset--spacing--small);padding-left:var(--wp--preset--spacing--small)\">\n<div class=\"wp-block-column is-layout-flow wp-block-column-is-layout-flow\">\n<figure class=\"wp-block-pullquote alignwide\" style=\"font-style:italic;font-weight:100\"><blockquote><p>Chaque tonne de d\u00e9chet revaloris\u00e9 est une <strong>victoire pour notre environnement<\/strong> et notre \u00e9conomie. Nous sommes fiers d\u2019\u00eatre \u00e0 l&rsquo;avant-garde de ce mouvement en faveur du <strong>z\u00e9ro d\u00e9chet<\/strong> dans notre secteur.<\/p><cite>Benjamin Vandeginste, Directeur G\u00e9n\u00e9ral<\/cite><\/blockquote><\/figure>\n<\/div>\n\n\n\n<div class=\"wp-block-column is-layout-flow wp-block-column-is-layout-flow\">\n<figure class=\"wp-block-pullquote alignwide\" style=\"font-style:italic;font-weight:100\"><blockquote><p>Le z\u00e9ro d\u00e9chet est plus qu\u2019un objectif ; c&rsquo;est une n\u00e9cessit\u00e9. Chez <strong>VALDEAU\u2019MAT<\/strong>, nous sommes d\u00e9termin\u00e9s \u00e0 montrer la voie et \u00e0 prouver que le <strong>d\u00e9veloppement durable<\/strong> est non seulement possible, mais aussi <strong>rentable<\/strong>.<\/p><cite>Steeve Vandeginste, Co-Fondateur<\/cite><\/blockquote><\/figure>\n<\/div>\n<\/div>\n<\/div>\n\n\n\n<div style=\"height:100px\" aria-hidden=\"true\" class=\"wp-block-spacer\"><\/div>\n","protected":false},"excerpt":{"rendered":"<p>Un Acteur Cl\u00e9 du D\u00e9veloppement Durable VALDEAU\u2019MAT n&rsquo;est pas seulement une entreprise sp\u00e9cialis\u00e9e dans la revalorisation des d\u00e9chets de chantier. Nous sommes des pionniers engag\u00e9s dans la transformation \u00e9cologique de notre industrie. Notre mission va au-del\u00e0 de la simple transformation des mat\u00e9riaux inertes : nous \u0153uvrons quotidiennement \u00e0 la promotion d\u2019un avenir plus durable pour &hellip; <\/p>\n<p class=\"link-more\"><a href=\"https:\/\/valdeaumat.fr\/index.php\/developpement-durable-et-zero-dechet\/\" class=\"more-link\">Lire la suite de<span class=\"screen-reader-text\">\u00ab\u00a0D\u00e9veloppement Durable et Z\u00e9ro D\u00e9chet\u00a0\u00bb<\/span><\/a><\/p>\n","protected":false},"author":1,"featured_media":86,"parent":0,"menu_order":0,"comment_status":"closed","ping_status":"closed","template":"","meta":{"footnotes":""},"class_list":["post-38","page","type-page","status-publish","has-post-thumbnail","hentry"],"_links":{"self":[{"href":"https:\/\/valdeaumat.fr\/index.php\/wp-json\/wp\/v2\/pages\/38","targetHints":{"allow":["GET"]}}],"collection":[{"href":"https:\/\/valdeaumat.fr\/index.php\/wp-json\/wp\/v2\/pages"}],"about":[{"href":"https:\/\/valdeaumat.fr\/index.php\/wp-json\/wp\/v2\/types\/page"}],"author":[{"embeddable":true,"href":"https:\/\/valdeaumat.fr\/index.php\/wp-json\/wp\/v2\/users\/1"}],"replies":[{"embeddable":true,"href":"https:\/\/valdeaumat.fr\/index.php\/wp-json\/wp\/v2\/comments?post=38"}],"version-history":[{"count":22,"href":"https:\/\/valdeaumat.fr\/index.php\/wp-json\/wp\/v2\/pages\/38\/revisions"}],"predecessor-version":[{"id":178,"href":"https:\/\/valdeaumat.fr\/index.php\/wp-json\/wp\/v2\/pages\/38\/revisions\/178"}],"wp:featuredmedia":[{"embeddable":true,"href":"https:\/\/valdeaumat.fr\/index.php\/wp-json\/wp\/v2\/media\/86"}],"wp:attachment":[{"href":"https:\/\/valdeaumat.fr\/index.php\/wp-json\/wp\/v2\/media?parent=38"}],"curies":[{"name":"wp","href":"https:\/\/api.w.org\/{rel}","templated":true}]}}